{"id":5623,"date":"2025-03-03T13:10:56","date_gmt":"2025-03-03T13:10:56","guid":{"rendered":"https:\/\/formaticlegal.es\/cat\/?page_id=5623"},"modified":"2026-02-17T11:52:41","modified_gmt":"2026-02-17T11:52:41","slug":"politica-de-cookies","status":"publish","type":"page","link":"https:\/\/formaticlegal.es\/cat\/politica-de-cookies\/","title":{"rendered":"Pol\u00edtica de Cookies"},"content":{"rendered":"\n<style type=\"text\/css\" data-created_by=\"avia_inline_auto\" id=\"style-css-av-345pp8-18dd5d031ed5434dd18808b0438cbd22\">\n.flex_column.av-345pp8-18dd5d031ed5434dd18808b0438cbd22{\nborder-radius:0px 0px 0px 0px;\npadding:0px 0px 0px 0px;\n}\n<\/style>\n<div  class='flex_column av-345pp8-18dd5d031ed5434dd18808b0438cbd22 av_one_full  avia-builder-el-0  avia-builder-el-no-sibling  first flex_column_div av-zero-column-padding  '     ><section  class='av_textblock_section av-k4xtrw99-98f824ae0a99cdbd078aadb8659749af '   itemscope=\"itemscope\" itemtype=\"https:\/\/schema.org\/CreativeWork\" ><div class='avia_textblock av_inherit_color'  itemprop=\"text\" ><h1 id=\"privacidad\"><span dir=\"auto\"><span class=\"VIpgJd-yAWNEb-VIpgJd-fmcmS-sn54Q\" dir=\"auto\">Pol\u00edtica de Cookies<\/span><\/span><\/h1>\n<p><span dir=\"auto\">Una galeta (o galeta inform\u00e0tica) \u00e9s una petita informaci\u00f3 enviada per un lloc web i emmagatzemada al navegador de l&#8217;usuari, de manera que el lloc web pot consultar l&#8217;activitat pr\u00e8via de l&#8217;usuari.<\/span><\/p>\n<p><span dir=\"auto\">Les seves funcions principals s\u00f3n:<\/span><\/p>\n<ul>\n<li aria-level=\"1\"><span dir=\"auto\">NECESS\u00c0RIES. Serveixen per permetre l&#8217;\u00fas habitual de la web i evitar introduir contrasenyes i detectar l&#8217;idioma de consulta.\u00a0<\/span><\/li>\n<li aria-level=\"1\"><span dir=\"auto\">ESTAD\u00cdSTIQUES: Permeten identificar navegaci\u00f3, aix\u00ed com consultes de la web.\u00a0<\/span><\/li>\n<li aria-level=\"1\"><span dir=\"auto\">RETARGETING: Permet impactar publicit\u00e0riament amb continguts, gr\u00e0cies a con\u00e8ixer els h\u00e0bits de consulta.\u00a0<\/span><\/li>\n<\/ul>\n<p><span dir=\"auto\">El plugin d&#8217;aquesta web permet con\u00e8ixer el TIPUS de Cookie, la DURADA i el PROVE\u00cfDOR que la insereix.\u00a0<\/span><\/p>\n<p><span dir=\"auto\">A m\u00e9s, es poden gestionar.\u00a0<\/span><\/p>\n<p><span dir=\"auto\">Informem a m\u00e9s que vost\u00e8 pot permetre, bloquejar o eliminar les cookies instal\u00b7lades al vostre equip mitjan\u00e7ant la configuraci\u00f3 de les opcions del navegador instal\u00b7lat al vostre ordinador.<\/span><\/p>\n<p><b><span dir=\"auto\">Google Chrome<\/span><\/b><\/p>\n<ol>\n<li aria-level=\"1\"><span dir=\"auto\">Feu clic al men\u00fa de Chrome Chrome situat a la barra d&#8217;eines del navegador.<\/span><\/li>\n<li aria-level=\"1\"><span dir=\"auto\">Seleccioneu \u201cConfiguraci\u00f3\u201d.<\/span><\/li>\n<li aria-level=\"1\"><span dir=\"auto\">Fes clic a \u201cMostrar opcions avan\u00e7ades\u2026\u201d<\/span><\/li>\n<li aria-level=\"1\"><span dir=\"auto\">A la secci\u00f3 \u201cPrivadesa\u201d, fes clic al bot\u00f3 \u201cConfiguraci\u00f3 de contingut\u2026\u201d.<\/span><\/li>\n<li aria-level=\"1\"><span dir=\"auto\">A la secci\u00f3 \u201cCookies\u201d, podeu configurar les opcions que s&#8217;indiquen a continuaci\u00f3: Eliminar cookies, bloquejar o permetre les cookies per defecte, incloure excepcions de cookies de dominis o llocs web espec\u00edfics.<\/span><\/li>\n<li aria-level=\"1\"><span dir=\"auto\">Per a m\u00e9s detalls, consulteu l&#8217;ajuda de Google Chrome.<\/span><\/li>\n<\/ol>\n<p><b><span dir=\"auto\">Microsoft Internet Explorer 7.0 i 8.0<\/span><\/b><\/p>\n<ol>\n<li aria-level=\"1\"><span dir=\"auto\">Feu clic al bot\u00f3 \u201cEines\u201d i despr\u00e9s a \u201cOpcions d&#8217;Internet\u201d.<\/span><\/li>\n<li aria-level=\"1\"><span dir=\"auto\">Feu clic a la pestanya \u201cPrivadesa\u201d i, a continuaci\u00f3, moveu el control lliscant a una posici\u00f3 interm\u00e8dia entre els extrems superior i inferior, de manera que no es bloquegin ni permetin totes les cookies.<\/span><\/li>\n<li aria-level=\"1\"><span dir=\"auto\">Feu clic a \u201cLlocs\u201d.<\/span><\/li>\n<li aria-level=\"1\"><span dir=\"auto\">Al quadre \u201cAdre\u00e7a del lloc web\u201d, escriviu l&#8217;adre\u00e7a d&#8217;un lloc web i, despr\u00e9s, feu clic a \u201cBloqueja\u201d o \u201cPermet\u201d.<\/span><\/li>\n<li aria-level=\"1\"><span dir=\"auto\">Mentre escriviu, anireu apareixent una llista de les p\u00e0gines web que ja heu visitat. Si feu clic a un element de la llista, es mostrar\u00e0 al quadre Adre\u00e7a del lloc web.<\/span><\/li>\n<li aria-level=\"1\"><span dir=\"auto\">En finalitzar, feu clic a \u201cD&#8217;acord\u201d.<\/span><\/li>\n<li aria-level=\"1\"><span dir=\"auto\">Torneu a col\u00b7locar el control lliscant a la seva posici\u00f3 original i feu clic a \u201cD&#8217;acord\u201d.<\/span><\/li>\n<li aria-level=\"1\"><span dir=\"auto\">Podeu consultar l&#8217;ajuda de Windows per a m\u00e9s informaci\u00f3<\/span><\/li>\n<\/ol>\n<p><b><span dir=\"auto\">Mozilla Firefox<\/span><\/b><\/p>\n<ol>\n<li aria-level=\"1\"><span dir=\"auto\">A la part superior de la finestra del Firefox, feu clic al bot\u00f3 Firefox i seleccioneu \u201cOpcions\u201d.<\/span><\/li>\n<li aria-level=\"1\"><span dir=\"auto\">Seleccioneu el panell \u201cPrivadesa\u201d.<\/span><\/li>\n<li aria-level=\"1\"><span dir=\"auto\">A \u201cFirefox podr\u00e0:\u201d tria \u201cUsar una configuraci\u00f3 personalitzada per a l&#8217;historial\u201d.<\/span><\/li>\n<li aria-level=\"1\"><span dir=\"auto\">Marca l&#8217;opci\u00f3 \u201cAcceptar cookies\u201d per activar-les i desmarca-la per desactivar-les.<\/span><\/li>\n<li aria-level=\"1\"><span dir=\"auto\">Si no vols rebre galetes de tecers desmarca \u201cAcceptar galetes de tercers\u201d.<\/span><\/li>\n<li aria-level=\"1\"><span dir=\"auto\">Podeu consultar l&#8217;ajuda de Mozilla per a m\u00e9s informaci\u00f3<\/span><\/li>\n<\/ol>\n<\/div><\/section><\/div>\n","protected":false},"excerpt":{"rendered":"","protected":false},"author":1,"featured_media":0,"parent":0,"menu_order":0,"comment_status":"closed","ping_status":"closed","template":"","meta":{"footnotes":""},"class_list":["post-5623","page","type-page","status-publish","hentry"],"yoast_head":"<!-- This site is optimized with the Yoast SEO plugin v26.9 - https:\/\/yoast.com\/product\/yoast-seo-wordpress\/ -->\n<title>Pol\u00edtica de Cookies - FormaTIC Legal<\/title>\n<meta name=\"robots\" content=\"noindex, follow\" \/>\n<meta property=\"og:locale\" content=\"ca_ES\" \/>\n<meta property=\"og:type\" content=\"article\" \/>\n<meta property=\"og:title\" content=\"Pol\u00edtica de Cookies - FormaTIC Legal\" \/>\n<meta property=\"og:url\" content=\"https:\/\/formaticlegal.es\/cat\/politica-de-cookies\/\" \/>\n<meta property=\"og:site_name\" content=\"FormaTIC Legal\" \/>\n<meta property=\"article:modified_time\" content=\"2026-02-17T11:52:41+00:00\" \/>\n<meta name=\"twitter:card\" content=\"summary_large_image\" \/>\n<meta name=\"twitter:site\" content=\"@reputacionlegal\" \/>\n<meta name=\"twitter:label1\" content=\"Est. reading time\" \/>\n\t<meta name=\"twitter:data1\" content=\"3 minuts\" \/>\n<script type=\"application\/ld+json\" class=\"yoast-schema-graph\">{\"@context\":\"https:\/\/schema.org\",\"@graph\":[{\"@type\":\"WebPage\",\"@id\":\"https:\/\/formaticlegal.es\/cat\/politica-de-cookies\/\",\"url\":\"https:\/\/formaticlegal.es\/cat\/politica-de-cookies\/\",\"name\":\"Pol\u00edtica de Cookies - FormaTIC Legal\",\"isPartOf\":{\"@id\":\"https:\/\/formaticlegal.es\/cat\/#website\"},\"datePublished\":\"2025-03-03T13:10:56+00:00\",\"dateModified\":\"2026-02-17T11:52:41+00:00\",\"breadcrumb\":{\"@id\":\"https:\/\/formaticlegal.es\/cat\/politica-de-cookies\/#breadcrumb\"},\"inLanguage\":\"ca\",\"potentialAction\":[{\"@type\":\"ReadAction\",\"target\":[\"https:\/\/formaticlegal.es\/cat\/politica-de-cookies\/\"]}]},{\"@type\":\"BreadcrumbList\",\"@id\":\"https:\/\/formaticlegal.es\/cat\/politica-de-cookies\/#breadcrumb\",\"itemListElement\":[{\"@type\":\"ListItem\",\"position\":1,\"name\":\"Portada\",\"item\":\"https:\/\/formaticlegal.es\/cat\/inicio\/\"},{\"@type\":\"ListItem\",\"position\":2,\"name\":\"Pol\u00edtica de Cookies\"}]},{\"@type\":\"WebSite\",\"@id\":\"https:\/\/formaticlegal.es\/cat\/#website\",\"url\":\"https:\/\/formaticlegal.es\/cat\/\",\"name\":\"FormaTIC Legal\",\"description\":\"Formaciones TiC obligatorias para el cumplimiento legal\",\"publisher\":{\"@id\":\"https:\/\/formaticlegal.es\/cat\/#organization\"},\"potentialAction\":[{\"@type\":\"SearchAction\",\"target\":{\"@type\":\"EntryPoint\",\"urlTemplate\":\"https:\/\/formaticlegal.es\/cat\/?s={search_term_string}\"},\"query-input\":{\"@type\":\"PropertyValueSpecification\",\"valueRequired\":true,\"valueName\":\"search_term_string\"}}],\"inLanguage\":\"ca\"},{\"@type\":\"Organization\",\"@id\":\"https:\/\/formaticlegal.es\/cat\/#organization\",\"name\":\"Reputaci\u00f3n Online Legal\",\"url\":\"https:\/\/formaticlegal.es\/cat\/\",\"logo\":{\"@type\":\"ImageObject\",\"inLanguage\":\"ca\",\"@id\":\"https:\/\/formaticlegal.es\/cat\/#\/schema\/logo\/image\/\",\"url\":\"https:\/\/formaticlegal.es\/cat\/wp-content\/uploads\/2022\/08\/Imagen3_resultado.webp\",\"contentUrl\":\"https:\/\/formaticlegal.es\/cat\/wp-content\/uploads\/2022\/08\/Imagen3_resultado.webp\",\"width\":603,\"height\":404,\"caption\":\"Reputaci\u00f3n Online Legal\"},\"image\":{\"@id\":\"https:\/\/formaticlegal.es\/cat\/#\/schema\/logo\/image\/\"},\"sameAs\":[\"https:\/\/x.com\/reputacionlegal\",\"https:\/\/www.linkedin.com\/company\/reputaci\u00f3n-online-legal\"]}]}<\/script>\n<!-- \/ Yoast SEO plugin. -->","yoast_head_json":{"title":"Pol\u00edtica de Cookies - FormaTIC Legal","robots":{"index":"noindex","follow":"follow"},"og_locale":"ca_ES","og_type":"article","og_title":"Pol\u00edtica de Cookies - FormaTIC Legal","og_url":"https:\/\/formaticlegal.es\/cat\/politica-de-cookies\/","og_site_name":"FormaTIC Legal","article_modified_time":"2026-02-17T11:52:41+00:00","twitter_card":"summary_large_image","twitter_site":"@reputacionlegal","twitter_misc":{"Est. reading time":"3 minuts"},"schema":{"@context":"https:\/\/schema.org","@graph":[{"@type":"WebPage","@id":"https:\/\/formaticlegal.es\/cat\/politica-de-cookies\/","url":"https:\/\/formaticlegal.es\/cat\/politica-de-cookies\/","name":"Pol\u00edtica de Cookies - FormaTIC Legal","isPartOf":{"@id":"https:\/\/formaticlegal.es\/cat\/#website"},"datePublished":"2025-03-03T13:10:56+00:00","dateModified":"2026-02-17T11:52:41+00:00","breadcrumb":{"@id":"https:\/\/formaticlegal.es\/cat\/politica-de-cookies\/#breadcrumb"},"inLanguage":"ca","potentialAction":[{"@type":"ReadAction","target":["https:\/\/formaticlegal.es\/cat\/politica-de-cookies\/"]}]},{"@type":"BreadcrumbList","@id":"https:\/\/formaticlegal.es\/cat\/politica-de-cookies\/#breadcrumb","itemListElement":[{"@type":"ListItem","position":1,"name":"Portada","item":"https:\/\/formaticlegal.es\/cat\/inicio\/"},{"@type":"ListItem","position":2,"name":"Pol\u00edtica de Cookies"}]},{"@type":"WebSite","@id":"https:\/\/formaticlegal.es\/cat\/#website","url":"https:\/\/formaticlegal.es\/cat\/","name":"FormaTIC Legal","description":"Formaciones TiC obligatorias para el cumplimiento legal","publisher":{"@id":"https:\/\/formaticlegal.es\/cat\/#organization"},"potentialAction":[{"@type":"SearchAction","target":{"@type":"EntryPoint","urlTemplate":"https:\/\/formaticlegal.es\/cat\/?s={search_term_string}"},"query-input":{"@type":"PropertyValueSpecification","valueRequired":true,"valueName":"search_term_string"}}],"inLanguage":"ca"},{"@type":"Organization","@id":"https:\/\/formaticlegal.es\/cat\/#organization","name":"Reputaci\u00f3n Online Legal","url":"https:\/\/formaticlegal.es\/cat\/","logo":{"@type":"ImageObject","inLanguage":"ca","@id":"https:\/\/formaticlegal.es\/cat\/#\/schema\/logo\/image\/","url":"https:\/\/formaticlegal.es\/cat\/wp-content\/uploads\/2022\/08\/Imagen3_resultado.webp","contentUrl":"https:\/\/formaticlegal.es\/cat\/wp-content\/uploads\/2022\/08\/Imagen3_resultado.webp","width":603,"height":404,"caption":"Reputaci\u00f3n Online Legal"},"image":{"@id":"https:\/\/formaticlegal.es\/cat\/#\/schema\/logo\/image\/"},"sameAs":["https:\/\/x.com\/reputacionlegal","https:\/\/www.linkedin.com\/company\/reputaci\u00f3n-online-legal"]}]}},"_links":{"self":[{"href":"https:\/\/formaticlegal.es\/cat\/wp-json\/wp\/v2\/pages\/5623","targetHints":{"allow":["GET"]}}],"collection":[{"href":"https:\/\/formaticlegal.es\/cat\/wp-json\/wp\/v2\/pages"}],"about":[{"href":"https:\/\/formaticlegal.es\/cat\/wp-json\/wp\/v2\/types\/page"}],"author":[{"embeddable":true,"href":"https:\/\/formaticlegal.es\/cat\/wp-json\/wp\/v2\/users\/1"}],"replies":[{"embeddable":true,"href":"https:\/\/formaticlegal.es\/cat\/wp-json\/wp\/v2\/comments?post=5623"}],"version-history":[{"count":2,"href":"https:\/\/formaticlegal.es\/cat\/wp-json\/wp\/v2\/pages\/5623\/revisions"}],"predecessor-version":[{"id":5938,"href":"https:\/\/formaticlegal.es\/cat\/wp-json\/wp\/v2\/pages\/5623\/revisions\/5938"}],"wp:attachment":[{"href":"https:\/\/formaticlegal.es\/cat\/wp-json\/wp\/v2\/media?parent=5623"}],"curies":[{"name":"wp","href":"https:\/\/api.w.org\/{rel}","templated":true}]}}