{"id":5620,"date":"2025-03-03T13:06:53","date_gmt":"2025-03-03T13:06:53","guid":{"rendered":"https:\/\/formaticlegal.es\/cat\/?page_id=5620"},"modified":"2026-02-17T11:51:49","modified_gmt":"2026-02-17T11:51:49","slug":"politica-de-privacidad","status":"publish","type":"page","link":"https:\/\/formaticlegal.es\/cat\/politica-de-privacidad\/","title":{"rendered":"Pol\u00edtica de Privadesa"},"content":{"rendered":"\n<style type=\"text\/css\" data-created_by=\"avia_inline_auto\" id=\"style-css-av-345pp8-18dd5d031ed5434dd18808b0438cbd22\">\n.flex_column.av-345pp8-18dd5d031ed5434dd18808b0438cbd22{\nborder-radius:0px 0px 0px 0px;\npadding:0px 0px 0px 0px;\n}\n<\/style>\n<div  class='flex_column av-345pp8-18dd5d031ed5434dd18808b0438cbd22 av_one_full  avia-builder-el-0  avia-builder-el-no-sibling  first flex_column_div av-zero-column-padding  '     ><section  class='av_textblock_section av-k4xtrw99-98f824ae0a99cdbd078aadb8659749af '   itemscope=\"itemscope\" itemtype=\"https:\/\/schema.org\/CreativeWork\" ><div class='avia_textblock av_inherit_color'  itemprop=\"text\" ><h1 id=\"privacidad\"><span dir=\"auto\"><span class=\"VIpgJd-yAWNEb-VIpgJd-fmcmS-sn54Q\" dir=\"auto\">Pol\u00edtica de Privadesa<\/span><\/span><\/h1>\n<p><span dir=\"auto\">De conformitat amb el Reglament Europeu de Privadesa 679\/2016 i la Llei Org\u00e0nica 3\/18, de protecci\u00f3 de dades i drets digitals t&#8217;informem que les dades formen part d&#8217;un fitxer responsabilitat de UNIVER IURIS, SL amb la finalitat de gestionar el contacte. Les vostres dades seran conservades mentre s&#8217;estableixi el termini de responsabilitat.<\/span><\/p>\n<p><span dir=\"auto\">L&#8217;usuari t\u00e9 el dret a acc\u00e9s, limitaci\u00f3, portabilitat, reclamaci\u00f3 a l&#8217;autoritat Espanyola de Protecci\u00f3 de Dades, supressi\u00f3 o oblit, rectificaci\u00f3, cancel\u00b7laci\u00f3 i oposici\u00f3 al tractament de dades a l&#8217;e-mail oa l&#8217;adre\u00e7a inclosa a la nota l&#8217;av\u00eds legal d&#8217;aquesta web.<\/span><\/p>\n<\/div><\/section><\/div>\n","protected":false},"excerpt":{"rendered":"","protected":false},"author":1,"featured_media":0,"parent":0,"menu_order":0,"comment_status":"closed","ping_status":"closed","template":"","meta":{"footnotes":""},"class_list":["post-5620","page","type-page","status-publish","hentry"],"yoast_head":"<!-- This site is optimized with the Yoast SEO plugin v26.9 - https:\/\/yoast.com\/product\/yoast-seo-wordpress\/ -->\n<title>Pol\u00edtica de Privadesa - FormaTIC Legal<\/title>\n<meta name=\"robots\" content=\"noindex, follow\" \/>\n<meta property=\"og:locale\" content=\"ca_ES\" \/>\n<meta property=\"og:type\" content=\"article\" \/>\n<meta property=\"og:title\" content=\"Pol\u00edtica de Privadesa - FormaTIC Legal\" \/>\n<meta property=\"og:url\" content=\"https:\/\/formaticlegal.es\/cat\/politica-de-privacidad\/\" \/>\n<meta property=\"og:site_name\" content=\"FormaTIC Legal\" \/>\n<meta property=\"article:modified_time\" content=\"2026-02-17T11:51:49+00:00\" \/>\n<meta name=\"twitter:card\" content=\"summary_large_image\" \/>\n<meta name=\"twitter:site\" content=\"@reputacionlegal\" \/>\n<meta name=\"twitter:label1\" content=\"Est. reading time\" \/>\n\t<meta name=\"twitter:data1\" content=\"1 minut\" \/>\n<script type=\"application\/ld+json\" class=\"yoast-schema-graph\">{\"@context\":\"https:\/\/schema.org\",\"@graph\":[{\"@type\":\"WebPage\",\"@id\":\"https:\/\/formaticlegal.es\/cat\/politica-de-privacidad\/\",\"url\":\"https:\/\/formaticlegal.es\/cat\/politica-de-privacidad\/\",\"name\":\"Pol\u00edtica de Privadesa - FormaTIC Legal\",\"isPartOf\":{\"@id\":\"https:\/\/formaticlegal.es\/cat\/#website\"},\"datePublished\":\"2025-03-03T13:06:53+00:00\",\"dateModified\":\"2026-02-17T11:51:49+00:00\",\"breadcrumb\":{\"@id\":\"https:\/\/formaticlegal.es\/cat\/politica-de-privacidad\/#breadcrumb\"},\"inLanguage\":\"ca\",\"potentialAction\":[{\"@type\":\"ReadAction\",\"target\":[\"https:\/\/formaticlegal.es\/cat\/politica-de-privacidad\/\"]}]},{\"@type\":\"BreadcrumbList\",\"@id\":\"https:\/\/formaticlegal.es\/cat\/politica-de-privacidad\/#breadcrumb\",\"itemListElement\":[{\"@type\":\"ListItem\",\"position\":1,\"name\":\"Portada\",\"item\":\"https:\/\/formaticlegal.es\/cat\/inicio\/\"},{\"@type\":\"ListItem\",\"position\":2,\"name\":\"Pol\u00edtica de Privadesa\"}]},{\"@type\":\"WebSite\",\"@id\":\"https:\/\/formaticlegal.es\/cat\/#website\",\"url\":\"https:\/\/formaticlegal.es\/cat\/\",\"name\":\"FormaTIC Legal\",\"description\":\"Formaciones TiC obligatorias para el cumplimiento legal\",\"publisher\":{\"@id\":\"https:\/\/formaticlegal.es\/cat\/#organization\"},\"potentialAction\":[{\"@type\":\"SearchAction\",\"target\":{\"@type\":\"EntryPoint\",\"urlTemplate\":\"https:\/\/formaticlegal.es\/cat\/?s={search_term_string}\"},\"query-input\":{\"@type\":\"PropertyValueSpecification\",\"valueRequired\":true,\"valueName\":\"search_term_string\"}}],\"inLanguage\":\"ca\"},{\"@type\":\"Organization\",\"@id\":\"https:\/\/formaticlegal.es\/cat\/#organization\",\"name\":\"Reputaci\u00f3n Online Legal\",\"url\":\"https:\/\/formaticlegal.es\/cat\/\",\"logo\":{\"@type\":\"ImageObject\",\"inLanguage\":\"ca\",\"@id\":\"https:\/\/formaticlegal.es\/cat\/#\/schema\/logo\/image\/\",\"url\":\"https:\/\/formaticlegal.es\/cat\/wp-content\/uploads\/2022\/08\/Imagen3_resultado.webp\",\"contentUrl\":\"https:\/\/formaticlegal.es\/cat\/wp-content\/uploads\/2022\/08\/Imagen3_resultado.webp\",\"width\":603,\"height\":404,\"caption\":\"Reputaci\u00f3n Online Legal\"},\"image\":{\"@id\":\"https:\/\/formaticlegal.es\/cat\/#\/schema\/logo\/image\/\"},\"sameAs\":[\"https:\/\/x.com\/reputacionlegal\",\"https:\/\/www.linkedin.com\/company\/reputaci\u00f3n-online-legal\"]}]}<\/script>\n<!-- \/ Yoast SEO plugin. -->","yoast_head_json":{"title":"Pol\u00edtica de Privadesa - FormaTIC Legal","robots":{"index":"noindex","follow":"follow"},"og_locale":"ca_ES","og_type":"article","og_title":"Pol\u00edtica de Privadesa - FormaTIC Legal","og_url":"https:\/\/formaticlegal.es\/cat\/politica-de-privacidad\/","og_site_name":"FormaTIC Legal","article_modified_time":"2026-02-17T11:51:49+00:00","twitter_card":"summary_large_image","twitter_site":"@reputacionlegal","twitter_misc":{"Est. reading time":"1 minut"},"schema":{"@context":"https:\/\/schema.org","@graph":[{"@type":"WebPage","@id":"https:\/\/formaticlegal.es\/cat\/politica-de-privacidad\/","url":"https:\/\/formaticlegal.es\/cat\/politica-de-privacidad\/","name":"Pol\u00edtica de Privadesa - FormaTIC Legal","isPartOf":{"@id":"https:\/\/formaticlegal.es\/cat\/#website"},"datePublished":"2025-03-03T13:06:53+00:00","dateModified":"2026-02-17T11:51:49+00:00","breadcrumb":{"@id":"https:\/\/formaticlegal.es\/cat\/politica-de-privacidad\/#breadcrumb"},"inLanguage":"ca","potentialAction":[{"@type":"ReadAction","target":["https:\/\/formaticlegal.es\/cat\/politica-de-privacidad\/"]}]},{"@type":"BreadcrumbList","@id":"https:\/\/formaticlegal.es\/cat\/politica-de-privacidad\/#breadcrumb","itemListElement":[{"@type":"ListItem","position":1,"name":"Portada","item":"https:\/\/formaticlegal.es\/cat\/inicio\/"},{"@type":"ListItem","position":2,"name":"Pol\u00edtica de Privadesa"}]},{"@type":"WebSite","@id":"https:\/\/formaticlegal.es\/cat\/#website","url":"https:\/\/formaticlegal.es\/cat\/","name":"FormaTIC Legal","description":"Formaciones TiC obligatorias para el cumplimiento legal","publisher":{"@id":"https:\/\/formaticlegal.es\/cat\/#organization"},"potentialAction":[{"@type":"SearchAction","target":{"@type":"EntryPoint","urlTemplate":"https:\/\/formaticlegal.es\/cat\/?s={search_term_string}"},"query-input":{"@type":"PropertyValueSpecification","valueRequired":true,"valueName":"search_term_string"}}],"inLanguage":"ca"},{"@type":"Organization","@id":"https:\/\/formaticlegal.es\/cat\/#organization","name":"Reputaci\u00f3n Online Legal","url":"https:\/\/formaticlegal.es\/cat\/","logo":{"@type":"ImageObject","inLanguage":"ca","@id":"https:\/\/formaticlegal.es\/cat\/#\/schema\/logo\/image\/","url":"https:\/\/formaticlegal.es\/cat\/wp-content\/uploads\/2022\/08\/Imagen3_resultado.webp","contentUrl":"https:\/\/formaticlegal.es\/cat\/wp-content\/uploads\/2022\/08\/Imagen3_resultado.webp","width":603,"height":404,"caption":"Reputaci\u00f3n Online Legal"},"image":{"@id":"https:\/\/formaticlegal.es\/cat\/#\/schema\/logo\/image\/"},"sameAs":["https:\/\/x.com\/reputacionlegal","https:\/\/www.linkedin.com\/company\/reputaci\u00f3n-online-legal"]}]}},"_links":{"self":[{"href":"https:\/\/formaticlegal.es\/cat\/wp-json\/wp\/v2\/pages\/5620","targetHints":{"allow":["GET"]}}],"collection":[{"href":"https:\/\/formaticlegal.es\/cat\/wp-json\/wp\/v2\/pages"}],"about":[{"href":"https:\/\/formaticlegal.es\/cat\/wp-json\/wp\/v2\/types\/page"}],"author":[{"embeddable":true,"href":"https:\/\/formaticlegal.es\/cat\/wp-json\/wp\/v2\/users\/1"}],"replies":[{"embeddable":true,"href":"https:\/\/formaticlegal.es\/cat\/wp-json\/wp\/v2\/comments?post=5620"}],"version-history":[{"count":5,"href":"https:\/\/formaticlegal.es\/cat\/wp-json\/wp\/v2\/pages\/5620\/revisions"}],"predecessor-version":[{"id":5937,"href":"https:\/\/formaticlegal.es\/cat\/wp-json\/wp\/v2\/pages\/5620\/revisions\/5937"}],"wp:attachment":[{"href":"https:\/\/formaticlegal.es\/cat\/wp-json\/wp\/v2\/media?parent=5620"}],"curies":[{"name":"wp","href":"https:\/\/api.w.org\/{rel}","templated":true}]}}