{"id":4845,"date":"2021-11-03T12:09:32","date_gmt":"2021-11-03T12:09:32","guid":{"rendered":"https:\/\/formaticlegal.es\/cat\/?page_id=4845"},"modified":"2026-02-17T11:36:39","modified_gmt":"2026-02-17T11:36:39","slug":"alfabetizacion-de-la-ia-los-riesgos-legales","status":"publish","type":"page","link":"https:\/\/formaticlegal.es\/cat\/alfabetizacion-de-la-ia-los-riesgos-legales\/","title":{"rendered":"Los riesgos legales de la IA &#8211; Video Podcast"},"content":{"rendered":"<div id='av_section_1'  class='avia-section av-69l8ul-eb7d26c6404ee00fe879534b99885f43 main_color avia-section-default avia-no-border-styling  avia-builder-el-0  avia-builder-el-no-sibling  avia-bg-style-scroll container_wrap fullsize'  ><div class='container av-section-cont-open' ><main  role=\"main\" itemprop=\"mainContentOfPage\"  class='template-page content  av-content-full alpha units'><div class='post-entry post-entry-type-page post-entry-4845'><div class='entry-content-wrapper clearfix'>\n<div  class='flex_column av-3osesd-a1df21ce1aec21f8c5117396cb1dea89 av_two_fifth  avia-builder-el-1  el_before_av_three_fifth  avia-builder-el-first  first flex_column_div  '     ><p>\n<style type=\"text\/css\" data-created_by=\"avia_inline_auto\" id=\"style-css-av-mgrtdfpf-0decbaeb0298f7f41fbac830536408df\">\n#top .av-special-heading.av-mgrtdfpf-0decbaeb0298f7f41fbac830536408df{\npadding-bottom:10px;\n}\nbody .av-special-heading.av-mgrtdfpf-0decbaeb0298f7f41fbac830536408df .av-special-heading-tag .heading-char{\nfont-size:25px;\n}\n.av-special-heading.av-mgrtdfpf-0decbaeb0298f7f41fbac830536408df .av-subheading{\nfont-size:15px;\n}\n<\/style>\n<div  class='av-special-heading av-mgrtdfpf-0decbaeb0298f7f41fbac830536408df av-special-heading-h1 blockquote modern-quote  avia-builder-el-2  el_before_av_textblock  avia-builder-el-first '><h1 class='av-special-heading-tag '  itemprop=\"headline\"  >ALFABETITZACI\u00d3 de la IA: Els riscos legals de la IA<\/h1><div class=\"special-heading-border\"><div class=\"special-heading-inner-border\"><\/div><\/div><\/div><br \/>\n<section  class='av_textblock_section av-mgrtca9r-1fc1f877b51e18d8baa45572f65c106f '   itemscope=\"itemscope\" itemtype=\"https:\/\/schema.org\/CreativeWork\" ><div class='avia_textblock'  itemprop=\"text\" ><p><span dir=\"auto\">La IA ha vingut per quedar-se com a part integrant de la infraestructura de les organitzacions. Aix\u00f2 suposa una aut\u00e8ntica revoluci\u00f3, i l&#8217;alfabetitzaci\u00f3 a IA \u00e9s un repte ineludible a qu\u00e8 ens hem d&#8217;enfrontar i que ens afecta de manera significativa.<\/span><\/p>\n<p><span dir=\"auto\">Ara b\u00e9, quins avantatges jur\u00eddics ens ofereix aquesta eina? Quins riscos legals presenta en relaci\u00f3 amb la privadesa, la confidencialitat o la propietat intel\u00b7lectual? I, el m\u00e9s important, com els podem minimitzar?<\/span><\/p>\n<p><span dir=\"auto\">Acompanyem la IA de forma adequada i adaptem-nos a aquesta revoluci\u00f3 de manera raonable, amb una formaci\u00f3 senzilla i pr\u00e0ctica.<\/span><\/p>\n<\/div><\/section><\/p><\/div><div  class='flex_column av-1tl7ql-f91b2d34046021015e3dd97c03092ef9 av_three_fifth  avia-builder-el-4  el_after_av_two_fifth  avia-builder-el-last  flex_column_div  '     ><div  class='avia-video av-kvjgy4pv-8b059d569d61689a74dfbdd7139833c1 avia-video-16-9 av-no-preview-image avia-video-load-always av-lazyload-immediate av-lazyload-video-embed'  itemprop=\"video\" itemtype=\"https:\/\/schema.org\/VideoObject\"  data-original_url='https:\/\/www.youtube.com\/watch?v=YlqczsIfrdQ'><script type='text\/html' class='av-video-tmpl'><div class='avia-iframe-wrap'><iframe loading=\"lazy\" title=\"ALFABETIZACI\u00d3N de la IA: Los riesgos legales. Formaci\u00f3n online\" width=\"1500\" height=\"844\" src=\"https:\/\/www.youtube.com\/embed\/YlqczsIfrdQ?feature=oembed&autoplay=0&loop=0&controls=1&mute=0\" frameborder=\"0\" allow=\"accelerometer; autoplay; clipboard-write; encrypted-media; gyroscope; picture-in-picture; web-share\" referrerpolicy=\"strict-origin-when-cross-origin\" allowfullscreen><\/iframe><\/div><\/script><div class='av-click-to-play-overlay'><div class=\"avia_playpause_icon\"><\/div><\/div><\/div><\/div>\n","protected":false},"excerpt":{"rendered":"","protected":false},"author":1,"featured_media":5862,"parent":0,"menu_order":0,"comment_status":"closed","ping_status":"closed","template":"","meta":{"footnotes":""},"class_list":["post-4845","page","type-page","status-publish","has-post-thumbnail","hentry"],"yoast_head":"<!-- This site is optimized with the Yoast SEO plugin v26.9 - https:\/\/yoast.com\/product\/yoast-seo-wordpress\/ -->\n<title>Los riesgos legales de la IA - Video Podcast - FormaTIC Legal<\/title>\n<meta name=\"description\" content=\"La inteligencia artificial ha llegado para transformar las organizaciones. Conocer sus ventajas jur\u00eddicas, riesgos legales y c\u00f3mo minimizarlos es esencial. Te ayudamos a comprender y aplicar la IA de forma \u00e9tica, segura y pr\u00e1ctica\" \/>\n<meta name=\"robots\" content=\"index, follow, max-snippet:-1, max-image-preview:large, max-video-preview:-1\" \/>\n<link rel=\"canonical\" href=\"https:\/\/formaticlegal.es\/cat\/alfabetizacion-de-la-ia-los-riesgos-legales\/\" \/>\n<meta property=\"og:locale\" content=\"ca_ES\" \/>\n<meta property=\"og:type\" content=\"article\" \/>\n<meta property=\"og:title\" content=\"Los riesgos legales de la IA - Video Podcast - FormaTIC Legal\" \/>\n<meta property=\"og:description\" content=\"La inteligencia artificial ha llegado para transformar las organizaciones. Conocer sus ventajas jur\u00eddicas, riesgos legales y c\u00f3mo minimizarlos es esencial. Te ayudamos a comprender y aplicar la IA de forma \u00e9tica, segura y pr\u00e1ctica\" \/>\n<meta property=\"og:url\" content=\"https:\/\/formaticlegal.es\/cat\/alfabetizacion-de-la-ia-los-riesgos-legales\/\" \/>\n<meta property=\"og:site_name\" content=\"FormaTIC Legal\" \/>\n<meta property=\"article:modified_time\" content=\"2026-02-17T11:36:39+00:00\" \/>\n<meta property=\"og:image\" content=\"https:\/\/formaticlegal.es\/cat\/wp-content\/uploads\/dynamic_avia\/avia_video_thumbnails\/youtube\/YlqczsIfrdQ\/YlqczsIfrdQ.jpg\" \/>\n\t<meta property=\"og:image:width\" content=\"1280\" \/>\n\t<meta property=\"og:image:height\" content=\"720\" \/>\n\t<meta property=\"og:image:type\" content=\"image\/jpeg\" \/>\n<meta name=\"twitter:card\" content=\"summary_large_image\" \/>\n<meta name=\"twitter:site\" content=\"@reputacionlegal\" \/>\n<meta name=\"twitter:label1\" content=\"Est. reading time\" \/>\n\t<meta name=\"twitter:data1\" content=\"1 minut\" \/>\n<script type=\"application\/ld+json\" class=\"yoast-schema-graph\">{\"@context\":\"https:\/\/schema.org\",\"@graph\":[{\"@type\":\"WebPage\",\"@id\":\"https:\/\/formaticlegal.es\/cat\/alfabetizacion-de-la-ia-los-riesgos-legales\/\",\"url\":\"https:\/\/formaticlegal.es\/cat\/alfabetizacion-de-la-ia-los-riesgos-legales\/\",\"name\":\"Los riesgos legales de la IA - Video Podcast - FormaTIC Legal\",\"isPartOf\":{\"@id\":\"https:\/\/formaticlegal.es\/cat\/#website\"},\"primaryImageOfPage\":{\"@id\":\"https:\/\/formaticlegal.es\/cat\/alfabetizacion-de-la-ia-los-riesgos-legales\/#primaryimage\"},\"image\":{\"@id\":\"https:\/\/formaticlegal.es\/cat\/alfabetizacion-de-la-ia-los-riesgos-legales\/#primaryimage\"},\"thumbnailUrl\":\"https:\/\/formaticlegal.es\/cat\/wp-content\/uploads\/dynamic_avia\/avia_video_thumbnails\/youtube\/YlqczsIfrdQ\/YlqczsIfrdQ.jpg\",\"datePublished\":\"2021-11-03T12:09:32+00:00\",\"dateModified\":\"2026-02-17T11:36:39+00:00\",\"description\":\"La inteligencia artificial ha llegado para transformar las organizaciones. Conocer sus ventajas jur\u00eddicas, riesgos legales y c\u00f3mo minimizarlos es esencial. Te ayudamos a comprender y aplicar la IA de forma \u00e9tica, segura y pr\u00e1ctica\",\"breadcrumb\":{\"@id\":\"https:\/\/formaticlegal.es\/cat\/alfabetizacion-de-la-ia-los-riesgos-legales\/#breadcrumb\"},\"inLanguage\":\"ca\",\"potentialAction\":[{\"@type\":\"ReadAction\",\"target\":[\"https:\/\/formaticlegal.es\/cat\/alfabetizacion-de-la-ia-los-riesgos-legales\/\"]}]},{\"@type\":\"ImageObject\",\"inLanguage\":\"ca\",\"@id\":\"https:\/\/formaticlegal.es\/cat\/alfabetizacion-de-la-ia-los-riesgos-legales\/#primaryimage\",\"url\":\"https:\/\/formaticlegal.es\/cat\/wp-content\/uploads\/dynamic_avia\/avia_video_thumbnails\/youtube\/YlqczsIfrdQ\/YlqczsIfrdQ.jpg\",\"contentUrl\":\"https:\/\/formaticlegal.es\/cat\/wp-content\/uploads\/dynamic_avia\/avia_video_thumbnails\/youtube\/YlqczsIfrdQ\/YlqczsIfrdQ.jpg\",\"width\":1280,\"height\":720},{\"@type\":\"BreadcrumbList\",\"@id\":\"https:\/\/formaticlegal.es\/cat\/alfabetizacion-de-la-ia-los-riesgos-legales\/#breadcrumb\",\"itemListElement\":[{\"@type\":\"ListItem\",\"position\":1,\"name\":\"Portada\",\"item\":\"https:\/\/formaticlegal.es\/cat\/inicio\/\"},{\"@type\":\"ListItem\",\"position\":2,\"name\":\"Los riesgos legales de la IA &#8211; Video Podcast\"}]},{\"@type\":\"WebSite\",\"@id\":\"https:\/\/formaticlegal.es\/cat\/#website\",\"url\":\"https:\/\/formaticlegal.es\/cat\/\",\"name\":\"FormaTIC Legal\",\"description\":\"Formaciones TiC obligatorias para el cumplimiento legal\",\"publisher\":{\"@id\":\"https:\/\/formaticlegal.es\/cat\/#organization\"},\"potentialAction\":[{\"@type\":\"SearchAction\",\"target\":{\"@type\":\"EntryPoint\",\"urlTemplate\":\"https:\/\/formaticlegal.es\/cat\/?s={search_term_string}\"},\"query-input\":{\"@type\":\"PropertyValueSpecification\",\"valueRequired\":true,\"valueName\":\"search_term_string\"}}],\"inLanguage\":\"ca\"},{\"@type\":\"Organization\",\"@id\":\"https:\/\/formaticlegal.es\/cat\/#organization\",\"name\":\"Reputaci\u00f3n Online Legal\",\"url\":\"https:\/\/formaticlegal.es\/cat\/\",\"logo\":{\"@type\":\"ImageObject\",\"inLanguage\":\"ca\",\"@id\":\"https:\/\/formaticlegal.es\/cat\/#\/schema\/logo\/image\/\",\"url\":\"https:\/\/formaticlegal.es\/cat\/wp-content\/uploads\/2022\/08\/Imagen3_resultado.webp\",\"contentUrl\":\"https:\/\/formaticlegal.es\/cat\/wp-content\/uploads\/2022\/08\/Imagen3_resultado.webp\",\"width\":603,\"height\":404,\"caption\":\"Reputaci\u00f3n Online Legal\"},\"image\":{\"@id\":\"https:\/\/formaticlegal.es\/cat\/#\/schema\/logo\/image\/\"},\"sameAs\":[\"https:\/\/x.com\/reputacionlegal\",\"https:\/\/www.linkedin.com\/company\/reputaci\u00f3n-online-legal\"]}]}<\/script>\n<!-- \/ Yoast SEO plugin. -->","yoast_head_json":{"title":"Los riesgos legales de la IA - Video Podcast - FormaTIC Legal","description":"La inteligencia artificial ha llegado para transformar las organizaciones. Conocer sus ventajas jur\u00eddicas, riesgos legales y c\u00f3mo minimizarlos es esencial. Te ayudamos a comprender y aplicar la IA de forma \u00e9tica, segura y pr\u00e1ctica","robots":{"index":"index","follow":"follow","max-snippet":"max-snippet:-1","max-image-preview":"max-image-preview:large","max-video-preview":"max-video-preview:-1"},"canonical":"https:\/\/formaticlegal.es\/cat\/alfabetizacion-de-la-ia-los-riesgos-legales\/","og_locale":"ca_ES","og_type":"article","og_title":"Los riesgos legales de la IA - Video Podcast - FormaTIC Legal","og_description":"La inteligencia artificial ha llegado para transformar las organizaciones. Conocer sus ventajas jur\u00eddicas, riesgos legales y c\u00f3mo minimizarlos es esencial. Te ayudamos a comprender y aplicar la IA de forma \u00e9tica, segura y pr\u00e1ctica","og_url":"https:\/\/formaticlegal.es\/cat\/alfabetizacion-de-la-ia-los-riesgos-legales\/","og_site_name":"FormaTIC Legal","article_modified_time":"2026-02-17T11:36:39+00:00","og_image":[{"width":1280,"height":720,"url":"https:\/\/formaticlegal.es\/cat\/wp-content\/uploads\/dynamic_avia\/avia_video_thumbnails\/youtube\/YlqczsIfrdQ\/YlqczsIfrdQ.jpg","type":"image\/jpeg"}],"twitter_card":"summary_large_image","twitter_site":"@reputacionlegal","twitter_misc":{"Est. reading time":"1 minut"},"schema":{"@context":"https:\/\/schema.org","@graph":[{"@type":"WebPage","@id":"https:\/\/formaticlegal.es\/cat\/alfabetizacion-de-la-ia-los-riesgos-legales\/","url":"https:\/\/formaticlegal.es\/cat\/alfabetizacion-de-la-ia-los-riesgos-legales\/","name":"Los riesgos legales de la IA - Video Podcast - FormaTIC Legal","isPartOf":{"@id":"https:\/\/formaticlegal.es\/cat\/#website"},"primaryImageOfPage":{"@id":"https:\/\/formaticlegal.es\/cat\/alfabetizacion-de-la-ia-los-riesgos-legales\/#primaryimage"},"image":{"@id":"https:\/\/formaticlegal.es\/cat\/alfabetizacion-de-la-ia-los-riesgos-legales\/#primaryimage"},"thumbnailUrl":"https:\/\/formaticlegal.es\/cat\/wp-content\/uploads\/dynamic_avia\/avia_video_thumbnails\/youtube\/YlqczsIfrdQ\/YlqczsIfrdQ.jpg","datePublished":"2021-11-03T12:09:32+00:00","dateModified":"2026-02-17T11:36:39+00:00","description":"La inteligencia artificial ha llegado para transformar las organizaciones. Conocer sus ventajas jur\u00eddicas, riesgos legales y c\u00f3mo minimizarlos es esencial. Te ayudamos a comprender y aplicar la IA de forma \u00e9tica, segura y pr\u00e1ctica","breadcrumb":{"@id":"https:\/\/formaticlegal.es\/cat\/alfabetizacion-de-la-ia-los-riesgos-legales\/#breadcrumb"},"inLanguage":"ca","potentialAction":[{"@type":"ReadAction","target":["https:\/\/formaticlegal.es\/cat\/alfabetizacion-de-la-ia-los-riesgos-legales\/"]}]},{"@type":"ImageObject","inLanguage":"ca","@id":"https:\/\/formaticlegal.es\/cat\/alfabetizacion-de-la-ia-los-riesgos-legales\/#primaryimage","url":"https:\/\/formaticlegal.es\/cat\/wp-content\/uploads\/dynamic_avia\/avia_video_thumbnails\/youtube\/YlqczsIfrdQ\/YlqczsIfrdQ.jpg","contentUrl":"https:\/\/formaticlegal.es\/cat\/wp-content\/uploads\/dynamic_avia\/avia_video_thumbnails\/youtube\/YlqczsIfrdQ\/YlqczsIfrdQ.jpg","width":1280,"height":720},{"@type":"BreadcrumbList","@id":"https:\/\/formaticlegal.es\/cat\/alfabetizacion-de-la-ia-los-riesgos-legales\/#breadcrumb","itemListElement":[{"@type":"ListItem","position":1,"name":"Portada","item":"https:\/\/formaticlegal.es\/cat\/inicio\/"},{"@type":"ListItem","position":2,"name":"Los riesgos legales de la IA &#8211; Video Podcast"}]},{"@type":"WebSite","@id":"https:\/\/formaticlegal.es\/cat\/#website","url":"https:\/\/formaticlegal.es\/cat\/","name":"FormaTIC Legal","description":"Formaciones TiC obligatorias para el cumplimiento legal","publisher":{"@id":"https:\/\/formaticlegal.es\/cat\/#organization"},"potentialAction":[{"@type":"SearchAction","target":{"@type":"EntryPoint","urlTemplate":"https:\/\/formaticlegal.es\/cat\/?s={search_term_string}"},"query-input":{"@type":"PropertyValueSpecification","valueRequired":true,"valueName":"search_term_string"}}],"inLanguage":"ca"},{"@type":"Organization","@id":"https:\/\/formaticlegal.es\/cat\/#organization","name":"Reputaci\u00f3n Online Legal","url":"https:\/\/formaticlegal.es\/cat\/","logo":{"@type":"ImageObject","inLanguage":"ca","@id":"https:\/\/formaticlegal.es\/cat\/#\/schema\/logo\/image\/","url":"https:\/\/formaticlegal.es\/cat\/wp-content\/uploads\/2022\/08\/Imagen3_resultado.webp","contentUrl":"https:\/\/formaticlegal.es\/cat\/wp-content\/uploads\/2022\/08\/Imagen3_resultado.webp","width":603,"height":404,"caption":"Reputaci\u00f3n Online Legal"},"image":{"@id":"https:\/\/formaticlegal.es\/cat\/#\/schema\/logo\/image\/"},"sameAs":["https:\/\/x.com\/reputacionlegal","https:\/\/www.linkedin.com\/company\/reputaci\u00f3n-online-legal"]}]}},"_links":{"self":[{"href":"https:\/\/formaticlegal.es\/cat\/wp-json\/wp\/v2\/pages\/4845","targetHints":{"allow":["GET"]}}],"collection":[{"href":"https:\/\/formaticlegal.es\/cat\/wp-json\/wp\/v2\/pages"}],"about":[{"href":"https:\/\/formaticlegal.es\/cat\/wp-json\/wp\/v2\/types\/page"}],"author":[{"embeddable":true,"href":"https:\/\/formaticlegal.es\/cat\/wp-json\/wp\/v2\/users\/1"}],"replies":[{"embeddable":true,"href":"https:\/\/formaticlegal.es\/cat\/wp-json\/wp\/v2\/comments?post=4845"}],"version-history":[{"count":9,"href":"https:\/\/formaticlegal.es\/cat\/wp-json\/wp\/v2\/pages\/4845\/revisions"}],"predecessor-version":[{"id":5935,"href":"https:\/\/formaticlegal.es\/cat\/wp-json\/wp\/v2\/pages\/4845\/revisions\/5935"}],"wp:featuredmedia":[{"embeddable":true,"href":"https:\/\/formaticlegal.es\/cat\/wp-json\/wp\/v2\/media\/5862"}],"wp:attachment":[{"href":"https:\/\/formaticlegal.es\/cat\/wp-json\/wp\/v2\/media?parent=4845"}],"curies":[{"name":"wp","href":"https:\/\/api.w.org\/{rel}","templated":true}]}}