{"id":3580,"date":"2019-12-24T14:52:47","date_gmt":"2019-12-24T14:52:47","guid":{"rendered":"https:\/\/formaticlegal.es\/cat\/?page_id=3580"},"modified":"2026-02-17T11:50:58","modified_gmt":"2026-02-17T11:50:58","slug":"aviso-legal","status":"publish","type":"page","link":"https:\/\/formaticlegal.es\/cat\/aviso-legal\/","title":{"rendered":"Av\u00eds Legal"},"content":{"rendered":"\n<style type=\"text\/css\" data-created_by=\"avia_inline_auto\" id=\"style-css-av-345pp8-18dd5d031ed5434dd18808b0438cbd22\">\n.flex_column.av-345pp8-18dd5d031ed5434dd18808b0438cbd22{\nborder-radius:0px 0px 0px 0px;\npadding:0px 0px 0px 0px;\n}\n<\/style>\n<div  class='flex_column av-345pp8-18dd5d031ed5434dd18808b0438cbd22 av_one_full  avia-builder-el-0  avia-builder-el-no-sibling  first flex_column_div av-zero-column-padding  '     ><section  class='av_textblock_section av-k4xtrw99-98f824ae0a99cdbd078aadb8659749af '   itemscope=\"itemscope\" itemtype=\"https:\/\/schema.org\/CreativeWork\" ><div class='avia_textblock av_inherit_color'  itemprop=\"text\" ><h1><span dir=\"auto\"><span class=\"VIpgJd-yAWNEb-VIpgJd-fmcmS-sn54Q\" dir=\"auto\">AV\u00cdS LEGAL<\/span><\/span><\/h1>\n<h4><b><span dir=\"auto\"><span class=\"\" dir=\"auto\">Condicions d&#8217;\u00fas del portal<\/span><\/span><\/b><\/h4>\n<p><span dir=\"auto\">Mitjan\u00e7ant aquesta p\u00e0gina web es facilita l&#8217;acc\u00e9s a un portal web d&#8217;UNIVER IURIS SL El fet de connectar-se a aquesta p\u00e0gina web implica l&#8217;acceptaci\u00f3 del present Av\u00eds Legal.<\/span><\/p>\n<h4><span dir=\"auto\">Propietat Intel\u00b7lectual<\/span><\/h4>\n<p><span dir=\"auto\">Tots els continguts del Portal, entenent per aquests a t\u00edtol merament enunciatiu els textos, fotografies, gr\u00e0fics, imatges, icones, tecnologia, programari, links i altres continguts, aix\u00ed com el seu disseny gr\u00e0fic i codis font s\u00f3n propietat intel\u00b7lectual de la nostra companyia, sense que puguin entendre&#8217;s cedits a l&#8217;Usuari cap dels drets d&#8217;explotaci\u00f3 sobre aquests m\u00e9s enll\u00e0 del que \u00e9s estrictament.<\/span><\/p>\n<h4><span dir=\"auto\">Identificaci\u00f3 de lempresa. Dades registrals<\/span><\/h4>\n<p><span dir=\"auto\">En compliment de l&#8217;article 10 de la Llei de serveis de la Societat de la Informaci\u00f3 i Comer\u00e7 Electr\u00f2nic UNIVER IURIS SL informa:<\/span><\/p>\n<p><span dir=\"auto\">FORMATIC LEGAL \u00e9s la marca comercial.<\/span><\/p>\n<p><span dir=\"auto\">UNIVER IURIS SL \u00e9s una Societat Limitada, amb CIB B- 63044011<\/span><br \/>\n<span dir=\"auto\">e-mail info@ reputaciononlinelegal.es<\/span><\/p>\n<p><span dir=\"auto\">Societat inscrita al Registre Mercantil de Barcelona, \u200b\u200bamb el n\u00famero 544, Tom 35498, Foli 86, Full B 263485, Inscripci\u00f3 2.<\/span><br \/>\n<span dir=\"auto\">L&#8217;administrador de la Societat \u00e9s Rafael Gimeno-Bay\u00f3n del Molino, Llicenciat de Dret a la Universitat de Barcelona, \u200b\u200bEspanya. Col\u00b7legiat a l&#8217;Il. lustre Col\u00b7legi d&#8217;Advocats de Barcelona amb el n\u00fam. 28.613. www.icab.es<\/span><\/p>\n<p><span dir=\"auto\">La normativa professional \u00e9s a la web: http:\/\/www.cgae.es\/portalCGAE\/printPortal.do?urlPagina=S001012002\/es_ES\u2026.<\/span><\/p>\n<h4><span dir=\"auto\">Exclusi\u00f3 de responsabilitat<\/span><\/h4>\n<p><span dir=\"auto\">Respecte els links o hiperenlla\u00e7os declinem tota responsabilitat per aquells que remetin a la nostra p\u00e0gina web i en el cas dels que apareguin a la nostra p\u00e0gina la connexi\u00f3 ho faran a t\u00edtol informatiu.<\/span><\/p>\n<h4><span dir=\"auto\">Llei aplicable i jurisdicci\u00f3<\/span><\/h4>\n<p><span dir=\"auto\">Per a qualsevol controv\u00e8rsia relacionada amb aquest av\u00eds legal les parts accepten el sotmetiment expr\u00e9s als jutjats de Barcelona.<\/span><\/p>\n<\/div><\/section><\/div>\n","protected":false},"excerpt":{"rendered":"","protected":false},"author":1,"featured_media":0,"parent":0,"menu_order":0,"comment_status":"closed","ping_status":"closed","template":"","meta":{"footnotes":""},"class_list":["post-3580","page","type-page","status-publish","hentry"],"yoast_head":"<!-- This site is optimized with the Yoast SEO plugin v26.9 - https:\/\/yoast.com\/product\/yoast-seo-wordpress\/ -->\n<title>Av\u00eds Legal - FormaTIC Legal<\/title>\n<meta name=\"robots\" content=\"noindex, follow\" \/>\n<meta property=\"og:locale\" content=\"ca_ES\" \/>\n<meta property=\"og:type\" content=\"article\" \/>\n<meta property=\"og:title\" content=\"Av\u00eds Legal - FormaTIC Legal\" \/>\n<meta property=\"og:url\" content=\"https:\/\/formaticlegal.es\/cat\/aviso-legal\/\" \/>\n<meta property=\"og:site_name\" content=\"FormaTIC Legal\" \/>\n<meta property=\"article:modified_time\" content=\"2026-02-17T11:50:58+00:00\" \/>\n<meta name=\"twitter:card\" content=\"summary_large_image\" \/>\n<meta name=\"twitter:site\" content=\"@reputacionlegal\" \/>\n<meta name=\"twitter:label1\" content=\"Est. reading time\" \/>\n\t<meta name=\"twitter:data1\" content=\"2 minuts\" \/>\n<script type=\"application\/ld+json\" class=\"yoast-schema-graph\">{\"@context\":\"https:\/\/schema.org\",\"@graph\":[{\"@type\":\"WebPage\",\"@id\":\"https:\/\/formaticlegal.es\/cat\/aviso-legal\/\",\"url\":\"https:\/\/formaticlegal.es\/cat\/aviso-legal\/\",\"name\":\"Av\u00eds Legal - FormaTIC Legal\",\"isPartOf\":{\"@id\":\"https:\/\/formaticlegal.es\/cat\/#website\"},\"datePublished\":\"2019-12-24T14:52:47+00:00\",\"dateModified\":\"2026-02-17T11:50:58+00:00\",\"breadcrumb\":{\"@id\":\"https:\/\/formaticlegal.es\/cat\/aviso-legal\/#breadcrumb\"},\"inLanguage\":\"ca\",\"potentialAction\":[{\"@type\":\"ReadAction\",\"target\":[\"https:\/\/formaticlegal.es\/cat\/aviso-legal\/\"]}]},{\"@type\":\"BreadcrumbList\",\"@id\":\"https:\/\/formaticlegal.es\/cat\/aviso-legal\/#breadcrumb\",\"itemListElement\":[{\"@type\":\"ListItem\",\"position\":1,\"name\":\"Portada\",\"item\":\"https:\/\/formaticlegal.es\/cat\/inicio\/\"},{\"@type\":\"ListItem\",\"position\":2,\"name\":\"Av\u00eds Legal\"}]},{\"@type\":\"WebSite\",\"@id\":\"https:\/\/formaticlegal.es\/cat\/#website\",\"url\":\"https:\/\/formaticlegal.es\/cat\/\",\"name\":\"FormaTIC Legal\",\"description\":\"Formaciones TiC obligatorias para el cumplimiento legal\",\"publisher\":{\"@id\":\"https:\/\/formaticlegal.es\/cat\/#organization\"},\"potentialAction\":[{\"@type\":\"SearchAction\",\"target\":{\"@type\":\"EntryPoint\",\"urlTemplate\":\"https:\/\/formaticlegal.es\/cat\/?s={search_term_string}\"},\"query-input\":{\"@type\":\"PropertyValueSpecification\",\"valueRequired\":true,\"valueName\":\"search_term_string\"}}],\"inLanguage\":\"ca\"},{\"@type\":\"Organization\",\"@id\":\"https:\/\/formaticlegal.es\/cat\/#organization\",\"name\":\"Reputaci\u00f3n Online Legal\",\"url\":\"https:\/\/formaticlegal.es\/cat\/\",\"logo\":{\"@type\":\"ImageObject\",\"inLanguage\":\"ca\",\"@id\":\"https:\/\/formaticlegal.es\/cat\/#\/schema\/logo\/image\/\",\"url\":\"https:\/\/formaticlegal.es\/cat\/wp-content\/uploads\/2022\/08\/Imagen3_resultado.webp\",\"contentUrl\":\"https:\/\/formaticlegal.es\/cat\/wp-content\/uploads\/2022\/08\/Imagen3_resultado.webp\",\"width\":603,\"height\":404,\"caption\":\"Reputaci\u00f3n Online Legal\"},\"image\":{\"@id\":\"https:\/\/formaticlegal.es\/cat\/#\/schema\/logo\/image\/\"},\"sameAs\":[\"https:\/\/x.com\/reputacionlegal\",\"https:\/\/www.linkedin.com\/company\/reputaci\u00f3n-online-legal\"]}]}<\/script>\n<!-- \/ Yoast SEO plugin. -->","yoast_head_json":{"title":"Av\u00eds Legal - FormaTIC Legal","robots":{"index":"noindex","follow":"follow"},"og_locale":"ca_ES","og_type":"article","og_title":"Av\u00eds Legal - FormaTIC Legal","og_url":"https:\/\/formaticlegal.es\/cat\/aviso-legal\/","og_site_name":"FormaTIC Legal","article_modified_time":"2026-02-17T11:50:58+00:00","twitter_card":"summary_large_image","twitter_site":"@reputacionlegal","twitter_misc":{"Est. reading time":"2 minuts"},"schema":{"@context":"https:\/\/schema.org","@graph":[{"@type":"WebPage","@id":"https:\/\/formaticlegal.es\/cat\/aviso-legal\/","url":"https:\/\/formaticlegal.es\/cat\/aviso-legal\/","name":"Av\u00eds Legal - FormaTIC Legal","isPartOf":{"@id":"https:\/\/formaticlegal.es\/cat\/#website"},"datePublished":"2019-12-24T14:52:47+00:00","dateModified":"2026-02-17T11:50:58+00:00","breadcrumb":{"@id":"https:\/\/formaticlegal.es\/cat\/aviso-legal\/#breadcrumb"},"inLanguage":"ca","potentialAction":[{"@type":"ReadAction","target":["https:\/\/formaticlegal.es\/cat\/aviso-legal\/"]}]},{"@type":"BreadcrumbList","@id":"https:\/\/formaticlegal.es\/cat\/aviso-legal\/#breadcrumb","itemListElement":[{"@type":"ListItem","position":1,"name":"Portada","item":"https:\/\/formaticlegal.es\/cat\/inicio\/"},{"@type":"ListItem","position":2,"name":"Av\u00eds Legal"}]},{"@type":"WebSite","@id":"https:\/\/formaticlegal.es\/cat\/#website","url":"https:\/\/formaticlegal.es\/cat\/","name":"FormaTIC Legal","description":"Formaciones TiC obligatorias para el cumplimiento legal","publisher":{"@id":"https:\/\/formaticlegal.es\/cat\/#organization"},"potentialAction":[{"@type":"SearchAction","target":{"@type":"EntryPoint","urlTemplate":"https:\/\/formaticlegal.es\/cat\/?s={search_term_string}"},"query-input":{"@type":"PropertyValueSpecification","valueRequired":true,"valueName":"search_term_string"}}],"inLanguage":"ca"},{"@type":"Organization","@id":"https:\/\/formaticlegal.es\/cat\/#organization","name":"Reputaci\u00f3n Online Legal","url":"https:\/\/formaticlegal.es\/cat\/","logo":{"@type":"ImageObject","inLanguage":"ca","@id":"https:\/\/formaticlegal.es\/cat\/#\/schema\/logo\/image\/","url":"https:\/\/formaticlegal.es\/cat\/wp-content\/uploads\/2022\/08\/Imagen3_resultado.webp","contentUrl":"https:\/\/formaticlegal.es\/cat\/wp-content\/uploads\/2022\/08\/Imagen3_resultado.webp","width":603,"height":404,"caption":"Reputaci\u00f3n Online Legal"},"image":{"@id":"https:\/\/formaticlegal.es\/cat\/#\/schema\/logo\/image\/"},"sameAs":["https:\/\/x.com\/reputacionlegal","https:\/\/www.linkedin.com\/company\/reputaci\u00f3n-online-legal"]}]}},"_links":{"self":[{"href":"https:\/\/formaticlegal.es\/cat\/wp-json\/wp\/v2\/pages\/3580","targetHints":{"allow":["GET"]}}],"collection":[{"href":"https:\/\/formaticlegal.es\/cat\/wp-json\/wp\/v2\/pages"}],"about":[{"href":"https:\/\/formaticlegal.es\/cat\/wp-json\/wp\/v2\/types\/page"}],"author":[{"embeddable":true,"href":"https:\/\/formaticlegal.es\/cat\/wp-json\/wp\/v2\/users\/1"}],"replies":[{"embeddable":true,"href":"https:\/\/formaticlegal.es\/cat\/wp-json\/wp\/v2\/comments?post=3580"}],"version-history":[{"count":3,"href":"https:\/\/formaticlegal.es\/cat\/wp-json\/wp\/v2\/pages\/3580\/revisions"}],"predecessor-version":[{"id":5936,"href":"https:\/\/formaticlegal.es\/cat\/wp-json\/wp\/v2\/pages\/3580\/revisions\/5936"}],"wp:attachment":[{"href":"https:\/\/formaticlegal.es\/cat\/wp-json\/wp\/v2\/media?parent=3580"}],"curies":[{"name":"wp","href":"https:\/\/api.w.org\/{rel}","templated":true}]}}